{"id":693,"date":"2022-05-06T14:19:55","date_gmt":"2022-05-06T17:19:55","guid":{"rendered":"https:\/\/www.espacoser.org.br\/site\/?page_id=693"},"modified":"2025-01-28T10:00:35","modified_gmt":"2025-01-28T13:00:35","slug":"doacoes","status":"publish","type":"page","link":"https:\/\/www.espacoser.org.br\/site\/doacoes\/","title":{"rendered":"Doa\u00e7\u00f5es"},"content":{"rendered":"\t\t<div data-elementor-type=\"wp-page\" data-elementor-id=\"693\" class=\"elementor elementor-693\">\n\t\t\t\t\t\t<section class=\"elementor-section elementor-top-section elementor-element elementor-element-f459ab4 elementor-section-stretched elementor-section-boxed elementor-section-height-default elementor-section-height-default\" data-id=\"f459ab4\" data-element_type=\"section\" data-settings=\"{&quot;stretch_section&quot;:&quot;section-stretched&quot;,&quot;background_background&quot;:&quot;classic&quot;}\">\n\t\t\t\t\t\t<div class=\"elementor-container elementor-column-gap-default\">\n\t\t\t\t\t<div class=\"elementor-column elementor-col-100 elementor-top-column elementor-element elementor-element-b4d5969\" data-id=\"b4d5969\" data-element_type=\"column\">\n\t\t\t<div class=\"elementor-widget-wrap elementor-element-populated\">\n\t\t\t\t\t\t<section class=\"elementor-section elementor-inner-section elementor-element elementor-element-9a38049 elementor-section-boxed elementor-section-height-default elementor-section-height-default\" data-id=\"9a38049\" data-element_type=\"section\">\n\t\t\t\t\t\t<div class=\"elementor-container elementor-column-gap-default\">\n\t\t\t\t\t<div class=\"elementor-column elementor-col-50 elementor-inner-column elementor-element elementor-element-e9d8d0a\" data-id=\"e9d8d0a\" data-element_type=\"column\">\n\t\t\t<div class=\"elementor-widget-wrap elementor-element-populated\">\n\t\t\t\t\t\t<div class=\"elementor-element elementor-element-9877da2 elementor-widget elementor-widget-heading\" data-id=\"9877da2\" data-element_type=\"widget\" data-widget_type=\"heading.default\">\n\t\t\t\t<div class=\"elementor-widget-container\">\n\t\t\t<style>\/*! elementor - v3.19.0 - 05-02-2024 *\/\n.elementor-heading-title{padding:0;margin:0;line-height:1}.elementor-widget-heading .elementor-heading-title[class*=elementor-size-]>a{color:inherit;font-size:inherit;line-height:inherit}.elementor-widget-heading .elementor-heading-title.elementor-size-small{font-size:15px}.elementor-widget-heading .elementor-heading-title.elementor-size-medium{font-size:19px}.elementor-widget-heading .elementor-heading-title.elementor-size-large{font-size:29px}.elementor-widget-heading .elementor-heading-title.elementor-size-xl{font-size:39px}.elementor-widget-heading .elementor-heading-title.elementor-size-xxl{font-size:59px}<\/style><h2 class=\"elementor-heading-title elementor-size-default\">Doa\u00e7\u00f5es<\/h2>\t\t<\/div>\n\t\t\t\t<\/div>\n\t\t\t\t<div class=\"elementor-element elementor-element-0aa8606 elementor-widget elementor-widget-text-editor\" data-id=\"0aa8606\" data-element_type=\"widget\" data-widget_type=\"text-editor.default\">\n\t\t\t\t<div class=\"elementor-widget-container\">\n\t\t\t<style>\/*! elementor - v3.19.0 - 05-02-2024 *\/\n.elementor-widget-text-editor.elementor-drop-cap-view-stacked .elementor-drop-cap{background-color:#69727d;color:#fff}.elementor-widget-text-editor.elementor-drop-cap-view-framed .elementor-drop-cap{color:#69727d;border:3px solid;background-color:transparent}.elementor-widget-text-editor:not(.elementor-drop-cap-view-default) .elementor-drop-cap{margin-top:8px}.elementor-widget-text-editor:not(.elementor-drop-cap-view-default) .elementor-drop-cap-letter{width:1em;height:1em}.elementor-widget-text-editor .elementor-drop-cap{float:left;text-align:center;line-height:1;font-size:50px}.elementor-widget-text-editor .elementor-drop-cap-letter{display:inline-block}<\/style>\t\t\t\t<p>Ajude-nos na preven\u00e7\u00e3o do suic\u00eddio e no tratamento de pessoas em enorme sofrimento, apoiando nossa causa!<\/p><p>Tamb\u00e9m podemos gerar <strong>BOLETOS MENSAIS!<\/strong><br \/>Se preferir, entre em contato conosco!<\/p><p>E-mail: <strong><a href=\"mailto:doacoes@espacoser.org.br\">doacoes@espacoser.org.br<\/a><\/strong><\/p><p>Lan\u00e7amos uma campanha no link <strong>BENFEITORIA\u00a0<\/strong>para arrecadarmos fundos mensais para mantermos nossa ONG em funcionamento, s\u00e3o contribui\u00e7\u00f5es mensais que devem caber no seu bolso pois s\u00e3o <strong>APENAS R$30,00 mensais!<\/strong><\/p>\t\t\t\t\t\t<\/div>\n\t\t\t\t<\/div>\n\t\t\t\t<div class=\"elementor-element elementor-element-85fd007 elementor-widget elementor-widget-button\" data-id=\"85fd007\" data-element_type=\"widget\" data-widget_type=\"button.default\">\n\t\t\t\t<div class=\"elementor-widget-container\">\n\t\t\t\t\t<div class=\"elementor-button-wrapper\">\n\t\t\t<a class=\"elementor-button elementor-button-link elementor-size-sm\" href=\"https:\/\/benfeitoria.com\/projeto\/reconectandocomavida?ref=search\" target=\"_blank\">\n\t\t\t\t\t\t<span class=\"elementor-button-content-wrapper\">\n\t\t\t\t\t\t<span class=\"elementor-button-text\">Contribua<\/span>\n\t\t<\/span>\n\t\t\t\t\t<\/a>\n\t\t<\/div>\n\t\t\t\t<\/div>\n\t\t\t\t<\/div>\n\t\t\t\t\t<\/div>\n\t\t<\/div>\n\t\t\t\t<div class=\"elementor-column elementor-col-50 elementor-inner-column elementor-element elementor-element-1f91a3e\" data-id=\"1f91a3e\" data-element_type=\"column\" data-settings=\"{&quot;background_background&quot;:&quot;classic&quot;}\">\n\t\t\t<div class=\"elementor-widget-wrap elementor-element-populated\">\n\t\t\t\t\t\t<div class=\"elementor-element elementor-element-f69374b elementor-widget elementor-widget-text-editor\" data-id=\"f69374b\" data-element_type=\"widget\" data-widget_type=\"text-editor.default\">\n\t\t\t\t<div class=\"elementor-widget-container\">\n\t\t\t\t\t\t\t<p><strong>DADOS BANC\u00c1RIOS:<br \/><\/strong>Banco XP (348)<br \/>Ag\u00eancia 0001<br \/>Conta Corrente 1605433-1<br \/>Espa\u00e7o SER Casa Matheus Campos<br \/>CNPJ 30.689.932\/0001-54<\/p><p><strong>PIX:<br \/><\/strong>(celular) 11 9 7173 1792<\/p>\t\t\t\t\t\t<\/div>\n\t\t\t\t<\/div>\n\t\t\t\t\t<\/div>\n\t\t<\/div>\n\t\t\t\t\t<\/div>\n\t\t<\/section>\n\t\t\t\t\t<\/div>\n\t\t<\/div>\n\t\t\t\t\t<\/div>\n\t\t<\/section>\n\t\t\t\t<\/div>\n\t\t","protected":false},"excerpt":{"rendered":"<p>Doa\u00e7\u00f5es Ajude-nos na preven\u00e7\u00e3o do suic\u00eddio e no tratamento de pessoas em enorme sofrimento, apoiando nossa causa! Tamb\u00e9m podemos gerar BOLETOS MENSAIS!Se preferir, entre em contato conosco! E-mail: doacoes@espacoser.org.br Lan\u00e7amos uma campanha no link BENFEITORIA\u00a0para arrecadarmos fundos mensais para mantermos nossa ONG em funcionamento, s\u00e3o contribui\u00e7\u00f5es mensais que devem caber no seu bolso pois s\u00e3o APENAS R$30,00 mensais! Contribua DADOS BANC\u00c1RIOS:Banco XP (348)Ag\u00eancia 0001Conta Corrente 1605433-1Espa\u00e7o SER Casa Matheus CamposCNPJ 30.689.932\/0001-54 PIX:(celular) 11 9 7173 1792<\/p>\n","protected":false},"author":1,"featured_media":0,"parent":0,"menu_order":0,"comment_status":"closed","ping_status":"closed","template":"","meta":{"footnotes":""},"class_list":["post-693","page","type-page","status-publish"],"_links":{"self":[{"href":"https:\/\/www.espacoser.org.br\/site\/wp-json\/wp\/v2\/pages\/693","targetHints":{"allow":["GET"]}}],"collection":[{"href":"https:\/\/www.espacoser.org.br\/site\/wp-json\/wp\/v2\/pages"}],"about":[{"href":"https:\/\/www.espacoser.org.br\/site\/wp-json\/wp\/v2\/types\/page"}],"author":[{"embeddable":true,"href":"https:\/\/www.espacoser.org.br\/site\/wp-json\/wp\/v2\/users\/1"}],"replies":[{"embeddable":true,"href":"https:\/\/www.espacoser.org.br\/site\/wp-json\/wp\/v2\/comments?post=693"}],"version-history":[{"count":37,"href":"https:\/\/www.espacoser.org.br\/site\/wp-json\/wp\/v2\/pages\/693\/revisions"}],"predecessor-version":[{"id":1454,"href":"https:\/\/www.espacoser.org.br\/site\/wp-json\/wp\/v2\/pages\/693\/revisions\/1454"}],"wp:attachment":[{"href":"https:\/\/www.espacoser.org.br\/site\/wp-json\/wp\/v2\/media?parent=693"}],"curies":[{"name":"wp","href":"https:\/\/api.w.org\/{rel}","templated":true}]}}