{"id":653,"date":"2022-05-06T11:23:20","date_gmt":"2022-05-06T14:23:20","guid":{"rendered":"https:\/\/www.espacoser.org.br\/site\/?page_id=653"},"modified":"2024-11-13T11:16:44","modified_gmt":"2024-11-13T14:16:44","slug":"help-for-life","status":"publish","type":"page","link":"https:\/\/www.espacoser.org.br\/site\/programas\/help-for-life\/","title":{"rendered":"Help for Life"},"content":{"rendered":"\t\t<div data-elementor-type=\"wp-page\" data-elementor-id=\"653\" class=\"elementor elementor-653\">\n\t\t\t\t\t\t<section class=\"elementor-section elementor-top-section elementor-element elementor-element-2e42726 elementor-section-stretched elementor-section-boxed elementor-section-height-default elementor-section-height-default\" data-id=\"2e42726\" data-element_type=\"section\" data-settings=\"{&quot;stretch_section&quot;:&quot;section-stretched&quot;,&quot;background_background&quot;:&quot;classic&quot;}\">\n\t\t\t\t\t\t<div class=\"elementor-container elementor-column-gap-default\">\n\t\t\t\t\t<div class=\"elementor-column elementor-col-50 elementor-top-column elementor-element elementor-element-1bbac1a\" data-id=\"1bbac1a\" data-element_type=\"column\">\n\t\t\t<div class=\"elementor-widget-wrap elementor-element-populated\">\n\t\t\t\t\t\t<div class=\"elementor-element elementor-element-2c802b4 elementor-mobile-align-center elementor-align-left elementor-widget elementor-widget-button\" data-id=\"2c802b4\" data-element_type=\"widget\" data-widget_type=\"button.default\">\n\t\t\t\t<div class=\"elementor-widget-container\">\n\t\t\t\t\t<div class=\"elementor-button-wrapper\">\n\t\t\t<a class=\"elementor-button elementor-button-link elementor-size-xs\" href=\"\/site\/programas\/\">\n\t\t\t\t\t\t<span class=\"elementor-button-content-wrapper\">\n\t\t\t\t\t\t<span class=\"elementor-button-icon elementor-align-icon-left\">\n\t\t\t\t<i aria-hidden=\"true\" class=\"fas fa-arrow-left\"><\/i>\t\t\t<\/span>\n\t\t\t\t\t\t<span class=\"elementor-button-text\">Voltar<\/span>\n\t\t<\/span>\n\t\t\t\t\t<\/a>\n\t\t<\/div>\n\t\t\t\t<\/div>\n\t\t\t\t<\/div>\n\t\t\t\t<div class=\"elementor-element elementor-element-44c47bd elementor-widget elementor-widget-heading\" data-id=\"44c47bd\" data-element_type=\"widget\" data-widget_type=\"heading.default\">\n\t\t\t\t<div class=\"elementor-widget-container\">\n\t\t\t<style>\/*! elementor - v3.19.0 - 05-02-2024 *\/\n.elementor-heading-title{padding:0;margin:0;line-height:1}.elementor-widget-heading .elementor-heading-title[class*=elementor-size-]>a{color:inherit;font-size:inherit;line-height:inherit}.elementor-widget-heading .elementor-heading-title.elementor-size-small{font-size:15px}.elementor-widget-heading .elementor-heading-title.elementor-size-medium{font-size:19px}.elementor-widget-heading .elementor-heading-title.elementor-size-large{font-size:29px}.elementor-widget-heading .elementor-heading-title.elementor-size-xl{font-size:39px}.elementor-widget-heading .elementor-heading-title.elementor-size-xxl{font-size:59px}<\/style><h2 class=\"elementor-heading-title elementor-size-default\">Programa <br>\nHelp for Life\n<\/h2>\t\t<\/div>\n\t\t\t\t<\/div>\n\t\t\t\t<div class=\"elementor-element elementor-element-6a0d22e elementor-widget elementor-widget-image\" data-id=\"6a0d22e\" data-element_type=\"widget\" data-widget_type=\"image.default\">\n\t\t\t\t<div class=\"elementor-widget-container\">\n\t\t\t<style>\/*! elementor - v3.19.0 - 05-02-2024 *\/\n.elementor-widget-image{text-align:center}.elementor-widget-image a{display:inline-block}.elementor-widget-image a img[src$=\".svg\"]{width:48px}.elementor-widget-image img{vertical-align:middle;display:inline-block}<\/style>\t\t\t\t\t\t\t\t\t\t<img fetchpriority=\"high\" decoding=\"async\" width=\"800\" height=\"370\" src=\"https:\/\/www.espacoser.org.br\/site\/wp-content\/uploads\/2023\/02\/Banner-novo-editado-1024x474.jpg\" class=\"attachment-large size-large wp-image-1297\" alt=\"\" srcset=\"https:\/\/www.espacoser.org.br\/site\/wp-content\/uploads\/2023\/02\/Banner-novo-editado-1024x474.jpg 1024w, https:\/\/www.espacoser.org.br\/site\/wp-content\/uploads\/2023\/02\/Banner-novo-editado-300x139.jpg 300w, https:\/\/www.espacoser.org.br\/site\/wp-content\/uploads\/2023\/02\/Banner-novo-editado-768x356.jpg 768w, https:\/\/www.espacoser.org.br\/site\/wp-content\/uploads\/2023\/02\/Banner-novo-editado.jpg 1073w\" sizes=\"(max-width: 800px) 100vw, 800px\" \/>\t\t\t\t\t\t\t\t\t\t\t\t\t<\/div>\n\t\t\t\t<\/div>\n\t\t\t\t\t<\/div>\n\t\t<\/div>\n\t\t\t\t<div class=\"elementor-column elementor-col-50 elementor-top-column elementor-element elementor-element-7f951d3\" data-id=\"7f951d3\" data-element_type=\"column\">\n\t\t\t<div class=\"elementor-widget-wrap elementor-element-populated\">\n\t\t\t\t\t\t<div class=\"elementor-element elementor-element-a50753e elementor-widget elementor-widget-image\" data-id=\"a50753e\" data-element_type=\"widget\" data-widget_type=\"image.default\">\n\t\t\t\t<div class=\"elementor-widget-container\">\n\t\t\t\t\t\t\t\t\t\t\t\t\t<img decoding=\"async\" src=\"https:\/\/www.espacoser.org.br\/site\/wp-content\/uploads\/elementor\/thumbs\/IMG_5201-1-q2u202l589yl68erbevjyb5o2vt2fgb6qa3w779eb0.jpg\" title=\"IMG_5201 (1)\" alt=\"IMG_5201 (1)\" loading=\"lazy\" \/>\t\t\t\t\t\t\t\t\t\t\t\t\t<\/div>\n\t\t\t\t<\/div>\n\t\t\t\t\t<\/div>\n\t\t<\/div>\n\t\t\t\t\t<\/div>\n\t\t<\/section>\n\t\t\t\t<section class=\"elementor-section elementor-top-section elementor-element elementor-element-49804fa elementor-section-stretched elementor-section-boxed elementor-section-height-default elementor-section-height-default\" data-id=\"49804fa\" data-element_type=\"section\" data-settings=\"{&quot;stretch_section&quot;:&quot;section-stretched&quot;}\">\n\t\t\t\t\t\t<div class=\"elementor-container elementor-column-gap-default\">\n\t\t\t\t\t<div class=\"elementor-column elementor-col-100 elementor-top-column elementor-element elementor-element-d4e7078\" data-id=\"d4e7078\" data-element_type=\"column\">\n\t\t\t<div class=\"elementor-widget-wrap elementor-element-populated\">\n\t\t\t\t\t\t<div class=\"elementor-element elementor-element-d74dd0f elementor-widget elementor-widget-text-editor\" data-id=\"d74dd0f\" data-element_type=\"widget\" data-widget_type=\"text-editor.default\">\n\t\t\t\t<div class=\"elementor-widget-container\">\n\t\t\t<style>\/*! elementor - v3.19.0 - 05-02-2024 *\/\n.elementor-widget-text-editor.elementor-drop-cap-view-stacked .elementor-drop-cap{background-color:#69727d;color:#fff}.elementor-widget-text-editor.elementor-drop-cap-view-framed .elementor-drop-cap{color:#69727d;border:3px solid;background-color:transparent}.elementor-widget-text-editor:not(.elementor-drop-cap-view-default) .elementor-drop-cap{margin-top:8px}.elementor-widget-text-editor:not(.elementor-drop-cap-view-default) .elementor-drop-cap-letter{width:1em;height:1em}.elementor-widget-text-editor .elementor-drop-cap{float:left;text-align:center;line-height:1;font-size:50px}.elementor-widget-text-editor .elementor-drop-cap-letter{display:inline-block}<\/style>\t\t\t\t<p>O Programa HELP FOR LIFE foi concebido atrav\u00e9s de uma parceria entre o Espa\u00e7o SER \u2013 Casa Matheus Campos e a ONG Su\u00ed\u00e7a HELP FOR HOPE, com sede em Genebra.<\/p>\t\t\t\t\t\t<\/div>\n\t\t\t\t<\/div>\n\t\t\t\t\t<\/div>\n\t\t<\/div>\n\t\t\t\t\t<\/div>\n\t\t<\/section>\n\t\t\t\t<section class=\"elementor-section elementor-top-section elementor-element elementor-element-7ab783c elementor-section-stretched elementor-section-boxed elementor-section-height-default elementor-section-height-default\" data-id=\"7ab783c\" data-element_type=\"section\" data-settings=\"{&quot;stretch_section&quot;:&quot;section-stretched&quot;}\">\n\t\t\t\t\t\t<div class=\"elementor-container elementor-column-gap-default\">\n\t\t\t\t\t<div class=\"elementor-column elementor-col-100 elementor-top-column elementor-element elementor-element-168fb19\" data-id=\"168fb19\" data-element_type=\"column\">\n\t\t\t<div class=\"elementor-widget-wrap elementor-element-populated\">\n\t\t\t\t\t\t<div class=\"elementor-element elementor-element-56f6f42 elementor-widget elementor-widget-text-editor\" data-id=\"56f6f42\" data-element_type=\"widget\" data-widget_type=\"text-editor.default\">\n\t\t\t\t<div class=\"elementor-widget-container\">\n\t\t\t\t\t\t\t<p>N\u00f3s do Espa\u00e7o SER t\u00ednhamos uma preocupa\u00e7\u00e3o instigante: como prevenir e amenizar os efeitos da ansiedade e depress\u00e3o nas crian\u00e7as e \u00a0jovens, antes que eles come\u00e7assem a causar danos emocionais?<\/p><p>Esse foi nosso ponto de partida, ser parceiros das escolas, compartilhar nossa experi\u00eancia que tem dado resultados bem positivos E assim nasceu nosso programa HELP FOR LIFE \u00a0e a ONG su\u00ed\u00e7a abra\u00e7ou de prontid\u00e3o.<\/p><p>Anualmente, 9 escolas p\u00fablicas e\/ou privadas s\u00e3o selecionadas \u00a0e fazemos a interven\u00e7\u00e3o em datas e hor\u00e1rios previamente agendados com a Coordena\u00e7\u00e3o. S\u00e3o150 jovens \u00a0de 14 a 18 anos por \u00a0escola, que em uma manh\u00e3 ou tarde, participam de uma viv\u00eancia.<\/p><p>Levamos uma das pr\u00e1ticas energ\u00e9ticas que s\u00e3o trabalhadas com sucesso no Espa\u00e7o SER: Tai Chi e\/ou Yoga e\/ou Kung Fu. Conversamos com os alunos sobre a quest\u00e3o da depress\u00e3o, ansiedade e os benef\u00edcios que essas pr\u00e1ticas trazem para o equil\u00edbrio do corpo e mente. Ap\u00f3s essa explana\u00e7\u00e3o inicia a atividade com os alunos. Essas pr\u00e1ticas estimulam o autoconhecimento, concentra\u00e7\u00e3o, serenidade, energia, enfim, os benef\u00edcios s\u00e3o in\u00fameros.<\/p><p>\u00a0Um acolhimento psicol\u00f3gico individual, no mesmo dia da interven\u00e7\u00e3o, dirigido para alunos indicados pela Coordena\u00e7\u00e3o e\/ou aqueles que nos procurarem durantes as interven\u00e7\u00f5es, tamb\u00e9m faz parte do programa. A ideia principal \u00e9 de informar e orientar os alunos\/familiares quanto a um poss\u00edvel tratamento a ser feito.<\/p><p>E para os professores, coordena\u00e7\u00e3o, dire\u00e7\u00e3o e familiares, \u00e9 dada uma palestra abordando a quest\u00e3o do cuidado com a sa\u00fade mental, depress\u00e3o\/ansiedade\/transtornos mentais, etc. Conhecimento \u00e9 poder! \u00c9 imprescindivel estar a par dessas manifesta\u00e7\u00f5es e dos sinais que as pessoas mostram, para que o mais cedo poss\u00edvel, sejam encaminhadas para tratamento. O trabalho realizado na ONG (protocolos terap\u00eauticos), os pilares que nos norteiam, os casos de sucesso, etc., tamb\u00e9m, ser\u00e3o comentados.<\/p><p>O objetivo que almejamos, atrav\u00e9s desse programa, \u00e9 mostrar a import\u00e2ncia de inserir as Pr\u00e1ticas Integrativas e Complementares no curr\u00edculo regular das escolas, desde a mais tenra idade. Acreditamos muito que essa medida beneficiar\u00e1, enormemente, alunos e tamb\u00e9m o corpo docente, promovendo equil\u00edbrio emocional em toda a comunidade escolar, como tamb\u00e9m na preven\u00e7\u00e3o de doen\u00e7as mentais.<\/p><p>Nos anos de 2021 e 2022 levamos as pr\u00e1ticas integrativas a mais de 2.000 jovens de escolas p\u00fablicas e particulares.<\/p>\t\t\t\t\t\t<\/div>\n\t\t\t\t<\/div>\n\t\t\t\t<div class=\"elementor-element elementor-element-3cd79e1 elementor-widget-divider--view-line elementor-widget elementor-widget-divider\" data-id=\"3cd79e1\" data-element_type=\"widget\" data-widget_type=\"divider.default\">\n\t\t\t\t<div class=\"elementor-widget-container\">\n\t\t\t<style>\/*! elementor - v3.19.0 - 05-02-2024 *\/\n.elementor-widget-divider{--divider-border-style:none;--divider-border-width:1px;--divider-color:#0c0d0e;--divider-icon-size:20px;--divider-element-spacing:10px;--divider-pattern-height:24px;--divider-pattern-size:20px;--divider-pattern-url:none;--divider-pattern-repeat:repeat-x}.elementor-widget-divider .elementor-divider{display:flex}.elementor-widget-divider .elementor-divider__text{font-size:15px;line-height:1;max-width:95%}.elementor-widget-divider .elementor-divider__element{margin:0 var(--divider-element-spacing);flex-shrink:0}.elementor-widget-divider .elementor-icon{font-size:var(--divider-icon-size)}.elementor-widget-divider .elementor-divider-separator{display:flex;margin:0;direction:ltr}.elementor-widget-divider--view-line_icon .elementor-divider-separator,.elementor-widget-divider--view-line_text .elementor-divider-separator{align-items:center}.elementor-widget-divider--view-line_icon .elementor-divider-separator:after,.elementor-widget-divider--view-line_icon .elementor-divider-separator:before,.elementor-widget-divider--view-line_text .elementor-divider-separator:after,.elementor-widget-divider--view-line_text .elementor-divider-separator:before{display:block;content:\"\";border-block-end:0;flex-grow:1;border-block-start:var(--divider-border-width) var(--divider-border-style) var(--divider-color)}.elementor-widget-divider--element-align-left .elementor-divider .elementor-divider-separator>.elementor-divider__svg:first-of-type{flex-grow:0;flex-shrink:100}.elementor-widget-divider--element-align-left .elementor-divider-separator:before{content:none}.elementor-widget-divider--element-align-left .elementor-divider__element{margin-left:0}.elementor-widget-divider--element-align-right .elementor-divider .elementor-divider-separator>.elementor-divider__svg:last-of-type{flex-grow:0;flex-shrink:100}.elementor-widget-divider--element-align-right .elementor-divider-separator:after{content:none}.elementor-widget-divider--element-align-right .elementor-divider__element{margin-right:0}.elementor-widget-divider--element-align-start .elementor-divider .elementor-divider-separator>.elementor-divider__svg:first-of-type{flex-grow:0;flex-shrink:100}.elementor-widget-divider--element-align-start .elementor-divider-separator:before{content:none}.elementor-widget-divider--element-align-start .elementor-divider__element{margin-inline-start:0}.elementor-widget-divider--element-align-end .elementor-divider .elementor-divider-separator>.elementor-divider__svg:last-of-type{flex-grow:0;flex-shrink:100}.elementor-widget-divider--element-align-end .elementor-divider-separator:after{content:none}.elementor-widget-divider--element-align-end .elementor-divider__element{margin-inline-end:0}.elementor-widget-divider:not(.elementor-widget-divider--view-line_text):not(.elementor-widget-divider--view-line_icon) .elementor-divider-separator{border-block-start:var(--divider-border-width) var(--divider-border-style) var(--divider-color)}.elementor-widget-divider--separator-type-pattern{--divider-border-style:none}.elementor-widget-divider--separator-type-pattern.elementor-widget-divider--view-line .elementor-divider-separator,.elementor-widget-divider--separator-type-pattern:not(.elementor-widget-divider--view-line) .elementor-divider-separator:after,.elementor-widget-divider--separator-type-pattern:not(.elementor-widget-divider--view-line) .elementor-divider-separator:before,.elementor-widget-divider--separator-type-pattern:not([class*=elementor-widget-divider--view]) .elementor-divider-separator{width:100%;min-height:var(--divider-pattern-height);-webkit-mask-size:var(--divider-pattern-size) 100%;mask-size:var(--divider-pattern-size) 100%;-webkit-mask-repeat:var(--divider-pattern-repeat);mask-repeat:var(--divider-pattern-repeat);background-color:var(--divider-color);-webkit-mask-image:var(--divider-pattern-url);mask-image:var(--divider-pattern-url)}.elementor-widget-divider--no-spacing{--divider-pattern-size:auto}.elementor-widget-divider--bg-round{--divider-pattern-repeat:round}.rtl .elementor-widget-divider .elementor-divider__text{direction:rtl}.e-con-inner>.elementor-widget-divider,.e-con>.elementor-widget-divider{width:var(--container-widget-width,100%);--flex-grow:var(--container-widget-flex-grow)}<\/style>\t\t<div class=\"elementor-divider\">\n\t\t\t<span class=\"elementor-divider-separator\">\n\t\t\t\t\t\t<\/span>\n\t\t<\/div>\n\t\t\t\t<\/div>\n\t\t\t\t<\/div>\n\t\t\t\t<div class=\"elementor-element elementor-element-8312c19 elementor-mobile-align-center elementor-widget elementor-widget-button\" data-id=\"8312c19\" data-element_type=\"widget\" data-widget_type=\"button.default\">\n\t\t\t\t<div class=\"elementor-widget-container\">\n\t\t\t\t\t<div class=\"elementor-button-wrapper\">\n\t\t\t<a class=\"elementor-button elementor-button-link elementor-size-sm\" href=\"https:\/\/sistema.espacoser.org.br\/voluntarios\/formulariovoluntarios\" target=\"_blank\">\n\t\t\t\t\t\t<span class=\"elementor-button-content-wrapper\">\n\t\t\t\t\t\t<span class=\"elementor-button-text\">Seja volunt\u00e1rio<\/span>\n\t\t<\/span>\n\t\t\t\t\t<\/a>\n\t\t<\/div>\n\t\t\t\t<\/div>\n\t\t\t\t<\/div>\n\t\t\t\t\t<\/div>\n\t\t<\/div>\n\t\t\t\t\t<\/div>\n\t\t<\/section>\n\t\t\t\t<\/div>\n\t\t","protected":false},"excerpt":{"rendered":"<p>Voltar Programa Help for Life O Programa HELP FOR LIFE foi concebido atrav\u00e9s de uma parceria entre o Espa\u00e7o SER \u2013 Casa Matheus Campos e a ONG Su\u00ed\u00e7a HELP FOR HOPE, com sede em Genebra. N\u00f3s do Espa\u00e7o SER t\u00ednhamos uma preocupa\u00e7\u00e3o instigante: como prevenir e amenizar os efeitos da ansiedade e depress\u00e3o nas crian\u00e7as e \u00a0jovens, antes que eles come\u00e7assem a causar danos emocionais? Esse foi nosso ponto de partida, ser parceiros das escolas, compartilhar nossa experi\u00eancia que tem dado resultados bem positivos E assim nasceu nosso programa HELP FOR LIFE \u00a0e a ONG su\u00ed\u00e7a abra\u00e7ou de prontid\u00e3o. Anualmente, 9 escolas p\u00fablicas e\/ou privadas s\u00e3o selecionadas \u00a0e fazemos a interven\u00e7\u00e3o em datas e hor\u00e1rios previamente agendados com a Coordena\u00e7\u00e3o. S\u00e3o150 jovens \u00a0de 14 a 18 anos por \u00a0escola, que em uma manh\u00e3 ou tarde, participam de uma viv\u00eancia. Levamos uma das pr\u00e1ticas energ\u00e9ticas que s\u00e3o trabalhadas com sucesso no&hellip;<\/p>\n<p> <a class=\"more-link\" href=\"https:\/\/www.espacoser.org.br\/site\/programas\/help-for-life\/\">Leia mais<\/a><\/p>\n","protected":false},"author":1,"featured_media":0,"parent":620,"menu_order":0,"comment_status":"closed","ping_status":"closed","template":"","meta":{"footnotes":""},"class_list":["post-653","page","type-page","status-publish"],"_links":{"self":[{"href":"https:\/\/www.espacoser.org.br\/site\/wp-json\/wp\/v2\/pages\/653","targetHints":{"allow":["GET"]}}],"collection":[{"href":"https:\/\/www.espacoser.org.br\/site\/wp-json\/wp\/v2\/pages"}],"about":[{"href":"https:\/\/www.espacoser.org.br\/site\/wp-json\/wp\/v2\/types\/page"}],"author":[{"embeddable":true,"href":"https:\/\/www.espacoser.org.br\/site\/wp-json\/wp\/v2\/users\/1"}],"replies":[{"embeddable":true,"href":"https:\/\/www.espacoser.org.br\/site\/wp-json\/wp\/v2\/comments?post=653"}],"version-history":[{"count":43,"href":"https:\/\/www.espacoser.org.br\/site\/wp-json\/wp\/v2\/pages\/653\/revisions"}],"predecessor-version":[{"id":1430,"href":"https:\/\/www.espacoser.org.br\/site\/wp-json\/wp\/v2\/pages\/653\/revisions\/1430"}],"up":[{"embeddable":true,"href":"https:\/\/www.espacoser.org.br\/site\/wp-json\/wp\/v2\/pages\/620"}],"wp:attachment":[{"href":"https:\/\/www.espacoser.org.br\/site\/wp-json\/wp\/v2\/media?parent=653"}],"curies":[{"name":"wp","href":"https:\/\/api.w.org\/{rel}","templated":true}]}}