{"id":633,"date":"2022-05-06T11:07:00","date_gmt":"2022-05-06T14:07:00","guid":{"rendered":"https:\/\/www.espacoser.org.br\/site\/?page_id=633"},"modified":"2024-11-13T11:15:42","modified_gmt":"2024-11-13T14:15:42","slug":"projeto-educacao-consciente-e-integrativa-por-uma-educacao-liberta-e-criativa","status":"publish","type":"page","link":"https:\/\/www.espacoser.org.br\/site\/programas\/projeto-educacao-consciente-e-integrativa-por-uma-educacao-liberta-e-criativa\/","title":{"rendered":"Educa\u00e7\u00e3o Consciente e Integrativa: Por Uma Educa\u00e7\u00e3o Liberta e Criativa"},"content":{"rendered":"\t\t<div data-elementor-type=\"wp-page\" data-elementor-id=\"633\" class=\"elementor elementor-633\">\n\t\t\t\t\t\t<section class=\"elementor-section elementor-top-section elementor-element elementor-element-2e42726 elementor-section-stretched elementor-section-boxed elementor-section-height-default elementor-section-height-default\" data-id=\"2e42726\" data-element_type=\"section\" data-settings=\"{&quot;stretch_section&quot;:&quot;section-stretched&quot;,&quot;background_background&quot;:&quot;classic&quot;}\">\n\t\t\t\t\t\t<div class=\"elementor-container elementor-column-gap-default\">\n\t\t\t\t\t<div class=\"elementor-column elementor-col-50 elementor-top-column elementor-element elementor-element-1bbac1a\" data-id=\"1bbac1a\" data-element_type=\"column\">\n\t\t\t<div class=\"elementor-widget-wrap elementor-element-populated\">\n\t\t\t\t\t\t<div class=\"elementor-element elementor-element-2c802b4 elementor-mobile-align-center elementor-align-left elementor-widget elementor-widget-button\" data-id=\"2c802b4\" data-element_type=\"widget\" data-widget_type=\"button.default\">\n\t\t\t\t<div class=\"elementor-widget-container\">\n\t\t\t\t\t<div class=\"elementor-button-wrapper\">\n\t\t\t<a class=\"elementor-button elementor-button-link elementor-size-xs\" href=\"\/site\/programas\/\">\n\t\t\t\t\t\t<span class=\"elementor-button-content-wrapper\">\n\t\t\t\t\t\t<span class=\"elementor-button-icon elementor-align-icon-left\">\n\t\t\t\t<i aria-hidden=\"true\" class=\"fas fa-arrow-left\"><\/i>\t\t\t<\/span>\n\t\t\t\t\t\t<span class=\"elementor-button-text\">Voltar<\/span>\n\t\t<\/span>\n\t\t\t\t\t<\/a>\n\t\t<\/div>\n\t\t\t\t<\/div>\n\t\t\t\t<\/div>\n\t\t\t\t<div class=\"elementor-element elementor-element-44c47bd elementor-widget elementor-widget-heading\" data-id=\"44c47bd\" data-element_type=\"widget\" data-widget_type=\"heading.default\">\n\t\t\t\t<div class=\"elementor-widget-container\">\n\t\t\t<style>\/*! elementor - v3.19.0 - 05-02-2024 *\/\n.elementor-heading-title{padding:0;margin:0;line-height:1}.elementor-widget-heading .elementor-heading-title[class*=elementor-size-]>a{color:inherit;font-size:inherit;line-height:inherit}.elementor-widget-heading .elementor-heading-title.elementor-size-small{font-size:15px}.elementor-widget-heading .elementor-heading-title.elementor-size-medium{font-size:19px}.elementor-widget-heading .elementor-heading-title.elementor-size-large{font-size:29px}.elementor-widget-heading .elementor-heading-title.elementor-size-xl{font-size:39px}.elementor-widget-heading .elementor-heading-title.elementor-size-xxl{font-size:59px}<\/style><h2 class=\"elementor-heading-title elementor-size-default\">Programa Educa\u00e7\u00e3o Consciente e Integrativa:\nPor Uma Educa\u00e7\u00e3o Libertadora e Criativa<\/h2>\t\t<\/div>\n\t\t\t\t<\/div>\n\t\t\t\t\t<\/div>\n\t\t<\/div>\n\t\t\t\t<div class=\"elementor-column elementor-col-50 elementor-top-column elementor-element elementor-element-7f951d3\" data-id=\"7f951d3\" data-element_type=\"column\">\n\t\t\t<div class=\"elementor-widget-wrap elementor-element-populated\">\n\t\t\t\t\t\t<div class=\"elementor-element elementor-element-a50753e elementor-widget elementor-widget-image\" data-id=\"a50753e\" data-element_type=\"widget\" data-widget_type=\"image.default\">\n\t\t\t\t<div class=\"elementor-widget-container\">\n\t\t\t<style>\/*! elementor - v3.19.0 - 05-02-2024 *\/\n.elementor-widget-image{text-align:center}.elementor-widget-image a{display:inline-block}.elementor-widget-image a img[src$=\".svg\"]{width:48px}.elementor-widget-image img{vertical-align:middle;display:inline-block}<\/style>\t\t\t\t\t\t\t\t\t\t<img fetchpriority=\"high\" decoding=\"async\" width=\"640\" height=\"360\" src=\"https:\/\/www.espacoser.org.br\/site\/wp-content\/uploads\/2022\/07\/educacao-1.jpg\" class=\"attachment-large size-large wp-image-1236\" alt=\"\" srcset=\"https:\/\/www.espacoser.org.br\/site\/wp-content\/uploads\/2022\/07\/educacao-1.jpg 640w, https:\/\/www.espacoser.org.br\/site\/wp-content\/uploads\/2022\/07\/educacao-1-300x169.jpg 300w\" sizes=\"(max-width: 640px) 100vw, 640px\" \/>\t\t\t\t\t\t\t\t\t\t\t\t\t<\/div>\n\t\t\t\t<\/div>\n\t\t\t\t\t<\/div>\n\t\t<\/div>\n\t\t\t\t\t<\/div>\n\t\t<\/section>\n\t\t\t\t<section class=\"elementor-section elementor-top-section elementor-element elementor-element-49804fa elementor-section-stretched elementor-section-boxed elementor-section-height-default elementor-section-height-default\" data-id=\"49804fa\" data-element_type=\"section\" data-settings=\"{&quot;stretch_section&quot;:&quot;section-stretched&quot;}\">\n\t\t\t\t\t\t<div class=\"elementor-container elementor-column-gap-default\">\n\t\t\t\t\t<div class=\"elementor-column elementor-col-50 elementor-top-column elementor-element elementor-element-d4e7078\" data-id=\"d4e7078\" data-element_type=\"column\">\n\t\t\t<div class=\"elementor-widget-wrap elementor-element-populated\">\n\t\t\t\t\t\t<div class=\"elementor-element elementor-element-d74dd0f elementor-widget elementor-widget-text-editor\" data-id=\"d74dd0f\" data-element_type=\"widget\" data-widget_type=\"text-editor.default\">\n\t\t\t\t<div class=\"elementor-widget-container\">\n\t\t\t<style>\/*! elementor - v3.19.0 - 05-02-2024 *\/\n.elementor-widget-text-editor.elementor-drop-cap-view-stacked .elementor-drop-cap{background-color:#69727d;color:#fff}.elementor-widget-text-editor.elementor-drop-cap-view-framed .elementor-drop-cap{color:#69727d;border:3px solid;background-color:transparent}.elementor-widget-text-editor:not(.elementor-drop-cap-view-default) .elementor-drop-cap{margin-top:8px}.elementor-widget-text-editor:not(.elementor-drop-cap-view-default) .elementor-drop-cap-letter{width:1em;height:1em}.elementor-widget-text-editor .elementor-drop-cap{float:left;text-align:center;line-height:1;font-size:50px}.elementor-widget-text-editor .elementor-drop-cap-letter{display:inline-block}<\/style>\t\t\t\t<p>O objetivo desse Programa\u00a0 \u00e9 mostrar por onde podemos come\u00e7ar para obtermos resultados diferentes daqueles que vemos atualmente, em rela\u00e7\u00e3o ao emocional das nossas crian\u00e7as e jovens e que repercutir\u00e1 tamb\u00e9m seriamente em suas vidas adultas.<\/p>\t\t\t\t\t\t<\/div>\n\t\t\t\t<\/div>\n\t\t\t\t\t<\/div>\n\t\t<\/div>\n\t\t\t\t<div class=\"elementor-column elementor-col-50 elementor-top-column elementor-element elementor-element-0a748c4\" data-id=\"0a748c4\" data-element_type=\"column\">\n\t\t\t<div class=\"elementor-widget-wrap\">\n\t\t\t\t\t\t\t<\/div>\n\t\t<\/div>\n\t\t\t\t\t<\/div>\n\t\t<\/section>\n\t\t\t\t<section class=\"elementor-section elementor-top-section elementor-element elementor-element-7ab783c elementor-section-stretched elementor-section-boxed elementor-section-height-default elementor-section-height-default\" data-id=\"7ab783c\" data-element_type=\"section\" data-settings=\"{&quot;stretch_section&quot;:&quot;section-stretched&quot;}\">\n\t\t\t\t\t\t<div class=\"elementor-container elementor-column-gap-default\">\n\t\t\t\t\t<div class=\"elementor-column elementor-col-100 elementor-top-column elementor-element elementor-element-168fb19\" data-id=\"168fb19\" data-element_type=\"column\">\n\t\t\t<div class=\"elementor-widget-wrap elementor-element-populated\">\n\t\t\t\t\t\t<div class=\"elementor-element elementor-element-56f6f42 elementor-widget elementor-widget-text-editor\" data-id=\"56f6f42\" data-element_type=\"widget\" data-widget_type=\"text-editor.default\">\n\t\t\t\t<div class=\"elementor-widget-container\">\n\t\t\t\t\t\t\t<p>Acreditamos que precisamos dar aos alunos a oportunidade de uma nova educa\u00e7\u00e3o, aquela que os ensine, al\u00e9m do conhecimento exterior, o autoconhecimento, para que possam desenvolver uma reflex\u00e3o maior sobre\u00a0 valores, sentimentos, para que construam por si mesmos ferramentas que os ajudem a lidar com as adversidades e impasses da vida.<\/p><p>\u00c9 importante que aprendam, reaprendam, reformulem seus pensamentos e encontrem novos caminhos de sa\u00edda para suas frustra\u00e7\u00f5es, que se identifiquem em competir menos e compartilhar mais.<\/p><p>Essas novas ferramentas de lidar com a vida s\u00e3o sementes que devem ser acrescentadas atrav\u00e9s de um novo conte\u00fado, mais humanizado e voltado para a liberdade de pensamentos, valores \u00e9ticos e autonomia dos alunos.<\/p><p>Entendemos que tal educa\u00e7\u00e3o ser\u00e1 capaz de ensin\u00e1-los a serem formadores de opini\u00e3o e n\u00e3o sujeitos passivos diante de opini\u00f5es j\u00e1 prontas que, muitas vezes, contribuem para seu adoecimento ps\u00edquico.<\/p><p>\u00c9 isso que o mundo pede com urg\u00eancia, \u00e9 isso que cessar\u00e1 gradativamente a taxa crescente de depress\u00e3o e suic\u00eddio, que vem aumentando assustadoramente entre os jovens menores de 16 anos e que reverberar\u00e1 certamente em todos os aspectos da nossa sociedade, seja no ecossistema, no sistema financeiro, pol\u00edtico, bem como no \u00e2mbito da consci\u00eancia e dos valores morais.<\/p><p>Tais sementes devem ser plantadas o mais r\u00e1pido poss\u00edvel nas escolas, onde as crian\u00e7as e jovens passam um enorme tempo de suas vidas, durante seu desenvolvimento ps\u00edquico e emocional e ser\u00e3o eles, atrav\u00e9s de um novo olhar mais consciente, construtivo e humanizado que poder\u00e3o mudar o curso de nossa hist\u00f3ria, do caminho para onde est\u00e1 indo nosso Planeta, contribuindo para uma vida mais sustent\u00e1vel e equilibrada.<\/p><p>Desta forma, baseadas nas pr\u00e1ticas integrativas complementares da OMS (Carta de Ottawa) e nos resultados que a ONG Espa\u00e7o SER \u2013 Casa Matheus Campos (SP- Capital) tem obtido desde sua funda\u00e7\u00e3o em maio de 2018, com pessoas a partir de 7 anos com ansiedade cr\u00f4nica, depress\u00e3o profunda e forte idea\u00e7\u00e3o suicida, desenvolvemos nosso Programa Educa\u00e7\u00e3o Consciente e Criativa.<\/p><p>Ele visa propor \u00e0s escolas que, al\u00e9m de transmitir conte\u00fados, humanizem a educa\u00e7\u00e3o de acordo com seus recursos, atividades e pr\u00e1ticas, trabalhando o emocional do aluno e fortalecendo-o para que ele seja visto como um Ser integral e possa equilibrar mente, corpo e sua ess\u00eancia. Assim, esperamos que esse Programa alcance n\u00e3o somente os alunos, mas tamb\u00e9m suas fam\u00edlias e o todo o corpo docente.<\/p><p>Para as <strong>ESCOLAS INTERESSADAS<\/strong>\u00a0em receber a nossa Cartilha com maiores detalhes e explica\u00e7\u00f5es sobre o Programa, pedimos que \u00a0<a style=\"color: #3366ff; text-decoration: underline;\" href=\"https:\/\/sistema.espacoser.org.br\/voluntarios\/formulariovoluntarios\" target=\"_blank\" rel=\"noopener\">clique aqui<\/a> e preencha nossa\u00a0Ficha de Inscri\u00e7\u00e3o. Em caso de d\u00favida entre em contato pelo e-mail:\u00a0<a href=\"mailto:projetoeducacao@espacoser.org.br\">programaeducacao@espacoser.org.br.<\/a><\/p><p>Para os\u00a0<strong>VOLUNT\u00c1RIOS INTERESSADOS<\/strong> em participar do Programa, pedimos que clique na aba <strong>\u201cSeja Volunt\u00e1rio\u201d<\/strong> \u00a0do site ou <span style=\"text-decoration: underline; color: #3366ff;\"><a style=\"color: #3366ff; text-decoration: underline;\" href=\"https:\/\/sistema.espacoser.org.br\/voluntarios\/formulariovoluntarios\" target=\"_blank\" rel=\"noopener\">clique aqui<\/a>,<\/span> voc\u00ea ser\u00e1 redirecionado para nossa ficha de inscri\u00e7\u00e3o, preencha os campos solicitados que em breve retornaremos o contato.<\/p>\t\t\t\t\t\t<\/div>\n\t\t\t\t<\/div>\n\t\t\t\t<div class=\"elementor-element elementor-element-3cd79e1 elementor-widget-divider--view-line elementor-widget elementor-widget-divider\" data-id=\"3cd79e1\" data-element_type=\"widget\" data-widget_type=\"divider.default\">\n\t\t\t\t<div class=\"elementor-widget-container\">\n\t\t\t<style>\/*! elementor - v3.19.0 - 05-02-2024 *\/\n.elementor-widget-divider{--divider-border-style:none;--divider-border-width:1px;--divider-color:#0c0d0e;--divider-icon-size:20px;--divider-element-spacing:10px;--divider-pattern-height:24px;--divider-pattern-size:20px;--divider-pattern-url:none;--divider-pattern-repeat:repeat-x}.elementor-widget-divider .elementor-divider{display:flex}.elementor-widget-divider .elementor-divider__text{font-size:15px;line-height:1;max-width:95%}.elementor-widget-divider .elementor-divider__element{margin:0 var(--divider-element-spacing);flex-shrink:0}.elementor-widget-divider .elementor-icon{font-size:var(--divider-icon-size)}.elementor-widget-divider .elementor-divider-separator{display:flex;margin:0;direction:ltr}.elementor-widget-divider--view-line_icon .elementor-divider-separator,.elementor-widget-divider--view-line_text .elementor-divider-separator{align-items:center}.elementor-widget-divider--view-line_icon .elementor-divider-separator:after,.elementor-widget-divider--view-line_icon .elementor-divider-separator:before,.elementor-widget-divider--view-line_text .elementor-divider-separator:after,.elementor-widget-divider--view-line_text .elementor-divider-separator:before{display:block;content:\"\";border-block-end:0;flex-grow:1;border-block-start:var(--divider-border-width) var(--divider-border-style) var(--divider-color)}.elementor-widget-divider--element-align-left .elementor-divider .elementor-divider-separator>.elementor-divider__svg:first-of-type{flex-grow:0;flex-shrink:100}.elementor-widget-divider--element-align-left .elementor-divider-separator:before{content:none}.elementor-widget-divider--element-align-left .elementor-divider__element{margin-left:0}.elementor-widget-divider--element-align-right .elementor-divider .elementor-divider-separator>.elementor-divider__svg:last-of-type{flex-grow:0;flex-shrink:100}.elementor-widget-divider--element-align-right .elementor-divider-separator:after{content:none}.elementor-widget-divider--element-align-right .elementor-divider__element{margin-right:0}.elementor-widget-divider--element-align-start .elementor-divider .elementor-divider-separator>.elementor-divider__svg:first-of-type{flex-grow:0;flex-shrink:100}.elementor-widget-divider--element-align-start .elementor-divider-separator:before{content:none}.elementor-widget-divider--element-align-start .elementor-divider__element{margin-inline-start:0}.elementor-widget-divider--element-align-end .elementor-divider .elementor-divider-separator>.elementor-divider__svg:last-of-type{flex-grow:0;flex-shrink:100}.elementor-widget-divider--element-align-end .elementor-divider-separator:after{content:none}.elementor-widget-divider--element-align-end .elementor-divider__element{margin-inline-end:0}.elementor-widget-divider:not(.elementor-widget-divider--view-line_text):not(.elementor-widget-divider--view-line_icon) .elementor-divider-separator{border-block-start:var(--divider-border-width) var(--divider-border-style) var(--divider-color)}.elementor-widget-divider--separator-type-pattern{--divider-border-style:none}.elementor-widget-divider--separator-type-pattern.elementor-widget-divider--view-line .elementor-divider-separator,.elementor-widget-divider--separator-type-pattern:not(.elementor-widget-divider--view-line) .elementor-divider-separator:after,.elementor-widget-divider--separator-type-pattern:not(.elementor-widget-divider--view-line) .elementor-divider-separator:before,.elementor-widget-divider--separator-type-pattern:not([class*=elementor-widget-divider--view]) .elementor-divider-separator{width:100%;min-height:var(--divider-pattern-height);-webkit-mask-size:var(--divider-pattern-size) 100%;mask-size:var(--divider-pattern-size) 100%;-webkit-mask-repeat:var(--divider-pattern-repeat);mask-repeat:var(--divider-pattern-repeat);background-color:var(--divider-color);-webkit-mask-image:var(--divider-pattern-url);mask-image:var(--divider-pattern-url)}.elementor-widget-divider--no-spacing{--divider-pattern-size:auto}.elementor-widget-divider--bg-round{--divider-pattern-repeat:round}.rtl .elementor-widget-divider .elementor-divider__text{direction:rtl}.e-con-inner>.elementor-widget-divider,.e-con>.elementor-widget-divider{width:var(--container-widget-width,100%);--flex-grow:var(--container-widget-flex-grow)}<\/style>\t\t<div class=\"elementor-divider\">\n\t\t\t<span class=\"elementor-divider-separator\">\n\t\t\t\t\t\t<\/span>\n\t\t<\/div>\n\t\t\t\t<\/div>\n\t\t\t\t<\/div>\n\t\t\t\t<div class=\"elementor-element elementor-element-8312c19 elementor-mobile-align-center elementor-widget elementor-widget-button\" data-id=\"8312c19\" data-element_type=\"widget\" data-widget_type=\"button.default\">\n\t\t\t\t<div class=\"elementor-widget-container\">\n\t\t\t\t\t<div class=\"elementor-button-wrapper\">\n\t\t\t<a class=\"elementor-button elementor-button-link elementor-size-sm\" href=\"https:\/\/sistema.espacoser.org.br\/voluntarios\/formulariovoluntarios\" target=\"_blank\">\n\t\t\t\t\t\t<span class=\"elementor-button-content-wrapper\">\n\t\t\t\t\t\t<span class=\"elementor-button-text\">Seja volunt\u00e1rio<\/span>\n\t\t<\/span>\n\t\t\t\t\t<\/a>\n\t\t<\/div>\n\t\t\t\t<\/div>\n\t\t\t\t<\/div>\n\t\t\t\t\t<\/div>\n\t\t<\/div>\n\t\t\t\t\t<\/div>\n\t\t<\/section>\n\t\t\t\t<\/div>\n\t\t","protected":false},"excerpt":{"rendered":"<p>Voltar Programa Educa\u00e7\u00e3o Consciente e Integrativa: Por Uma Educa\u00e7\u00e3o Libertadora e Criativa O objetivo desse Programa\u00a0 \u00e9 mostrar por onde podemos come\u00e7ar para obtermos resultados diferentes daqueles que vemos atualmente, em rela\u00e7\u00e3o ao emocional das nossas crian\u00e7as e jovens e que repercutir\u00e1 tamb\u00e9m seriamente em suas vidas adultas. Acreditamos que precisamos dar aos alunos a oportunidade de uma nova educa\u00e7\u00e3o, aquela que os ensine, al\u00e9m do conhecimento exterior, o autoconhecimento, para que possam desenvolver uma reflex\u00e3o maior sobre\u00a0 valores, sentimentos, para que construam por si mesmos ferramentas que os ajudem a lidar com as adversidades e impasses da vida. \u00c9 importante que aprendam, reaprendam, reformulem seus pensamentos e encontrem novos caminhos de sa\u00edda para suas frustra\u00e7\u00f5es, que se identifiquem em competir menos e compartilhar mais. Essas novas ferramentas de lidar com a vida s\u00e3o sementes que devem ser acrescentadas atrav\u00e9s de um novo conte\u00fado, mais humanizado e voltado para a&hellip;<\/p>\n<p> <a class=\"more-link\" href=\"https:\/\/www.espacoser.org.br\/site\/programas\/projeto-educacao-consciente-e-integrativa-por-uma-educacao-liberta-e-criativa\/\">Leia mais<\/a><\/p>\n","protected":false},"author":1,"featured_media":0,"parent":620,"menu_order":0,"comment_status":"closed","ping_status":"closed","template":"","meta":{"footnotes":""},"class_list":["post-633","page","type-page","status-publish"],"_links":{"self":[{"href":"https:\/\/www.espacoser.org.br\/site\/wp-json\/wp\/v2\/pages\/633","targetHints":{"allow":["GET"]}}],"collection":[{"href":"https:\/\/www.espacoser.org.br\/site\/wp-json\/wp\/v2\/pages"}],"about":[{"href":"https:\/\/www.espacoser.org.br\/site\/wp-json\/wp\/v2\/types\/page"}],"author":[{"embeddable":true,"href":"https:\/\/www.espacoser.org.br\/site\/wp-json\/wp\/v2\/users\/1"}],"replies":[{"embeddable":true,"href":"https:\/\/www.espacoser.org.br\/site\/wp-json\/wp\/v2\/comments?post=633"}],"version-history":[{"count":77,"href":"https:\/\/www.espacoser.org.br\/site\/wp-json\/wp\/v2\/pages\/633\/revisions"}],"predecessor-version":[{"id":1427,"href":"https:\/\/www.espacoser.org.br\/site\/wp-json\/wp\/v2\/pages\/633\/revisions\/1427"}],"up":[{"embeddable":true,"href":"https:\/\/www.espacoser.org.br\/site\/wp-json\/wp\/v2\/pages\/620"}],"wp:attachment":[{"href":"https:\/\/www.espacoser.org.br\/site\/wp-json\/wp\/v2\/media?parent=633"}],"curies":[{"name":"wp","href":"https:\/\/api.w.org\/{rel}","templated":true}]}}